{"id":104315,"date":"2024-10-01T09:19:21","date_gmt":"2024-10-01T07:19:21","guid":{"rendered":"https:\/\/stg.anest-iwata-coating.com\/?page_id=104315"},"modified":"2025-02-04T12:12:13","modified_gmt":"2025-02-04T10:12:13","slug":"microsite-ws-primer","status":"publish","type":"page","link":"https:\/\/www.anest-iwata-coating.com\/fr\/microsite-ws-primer\/","title":{"rendered":"Microsite WS-PRIMER"},"content":{"rendered":"","protected":false},"excerpt":{"rendered":"","protected":false},"author":19,"featured_media":0,"parent":0,"menu_order":43,"comment_status":"closed","ping_status":"closed","template":"","meta":{"footnotes":""},"class_list":["post-104315","page","type-page","status-publish","hentry"],"acf":[],"yoast_head":"<!-- This site is optimized with the Yoast SEO plugin v19.1 - https:\/\/yoast.com\/wordpress\/plugins\/seo\/ -->\n<title>Microsite WS-PRIMER - Anest Iwata<\/title>\n<meta name=\"description\" content=\"D\u00e9couvrez le premier pistolet ANEST-IWATA d\u00e9di\u00e9 \u00e0 l&#039;application des appr\u00eats : WS-PRIMER pour appr\u00eats mouill\u00e9-sur-mouill\u00e9, de finition et de charge.\" \/>\n<meta name=\"robots\" content=\"index, follow, max-snippet:-1, max-image-preview:large, max-video-preview:-1\" \/>\n<link rel=\"canonical\" href=\"https:\/\/www.anest-iwata-coating.com\/fr\/microsite-ws-primer\/\" \/>\n<meta property=\"og:locale\" content=\"fr_FR\" \/>\n<meta property=\"og:type\" content=\"article\" \/>\n<meta property=\"og:title\" content=\"Microsite WS-PRIMER - Anest Iwata\" \/>\n<meta property=\"og:description\" content=\"D\u00e9couvrez le premier pistolet ANEST-IWATA d\u00e9di\u00e9 \u00e0 l&#039;application des appr\u00eats : WS-PRIMER pour appr\u00eats mouill\u00e9-sur-mouill\u00e9, de finition et de charge.\" \/>\n<meta property=\"og:url\" content=\"https:\/\/www.anest-iwata-coating.com\/fr\/microsite-ws-primer\/\" \/>\n<meta property=\"og:site_name\" content=\"Anest Iwata\" \/>\n<meta property=\"article:modified_time\" content=\"2025-02-04T10:12:13+00:00\" \/>\n<meta name=\"twitter:card\" content=\"summary_large_image\" \/>\n<script type=\"application\/ld+json\" class=\"yoast-schema-graph\">{\"@context\":\"https:\/\/schema.org\",\"@graph\":[{\"@type\":\"Organization\",\"@id\":\"https:\/\/www.anest-iwata-coating.com\/en\/#organization\",\"name\":\"Anest Iwata srl\",\"url\":\"https:\/\/www.anest-iwata-coating.com\/en\/\",\"sameAs\":[],\"logo\":{\"@type\":\"ImageObject\",\"inLanguage\":\"fr-FR\",\"@id\":\"https:\/\/www.anest-iwata-coating.com\/en\/#\/schema\/logo\/image\/\",\"url\":\"https:\/\/www.anest-iwata-coating.com\/wp-content\/uploads\/2020\/12\/anest-iwata-logo.png\",\"contentUrl\":\"https:\/\/www.anest-iwata-coating.com\/wp-content\/uploads\/2020\/12\/anest-iwata-logo.png\",\"width\":1617,\"height\":409,\"caption\":\"Anest Iwata srl\"},\"image\":{\"@id\":\"https:\/\/www.anest-iwata-coating.com\/en\/#\/schema\/logo\/image\/\"}},{\"@type\":\"WebSite\",\"@id\":\"https:\/\/www.anest-iwata-coating.com\/en\/#website\",\"url\":\"https:\/\/www.anest-iwata-coating.com\/en\/\",\"name\":\"Anest Iwata\",\"description\":\"\",\"publisher\":{\"@id\":\"https:\/\/www.anest-iwata-coating.com\/en\/#organization\"},\"potentialAction\":[{\"@type\":\"SearchAction\",\"target\":{\"@type\":\"EntryPoint\",\"urlTemplate\":\"https:\/\/www.anest-iwata-coating.com\/en\/?s={search_term_string}\"},\"query-input\":\"required name=search_term_string\"}],\"inLanguage\":\"fr-FR\"},{\"@type\":\"WebPage\",\"@id\":\"https:\/\/www.anest-iwata-coating.com\/fr\/microsite-ws-primer\/#webpage\",\"url\":\"https:\/\/www.anest-iwata-coating.com\/fr\/microsite-ws-primer\/\",\"name\":\"Microsite WS-PRIMER - Anest Iwata\",\"isPartOf\":{\"@id\":\"https:\/\/www.anest-iwata-coating.com\/en\/#website\"},\"datePublished\":\"2024-10-01T07:19:21+00:00\",\"dateModified\":\"2025-02-04T10:12:13+00:00\",\"description\":\"D\u00e9couvrez le premier pistolet ANEST-IWATA d\u00e9di\u00e9 \u00e0 l'application des appr\u00eats : WS-PRIMER pour appr\u00eats mouill\u00e9-sur-mouill\u00e9, de finition et de charge.\",\"breadcrumb\":{\"@id\":\"https:\/\/www.anest-iwata-coating.com\/fr\/microsite-ws-primer\/#breadcrumb\"},\"inLanguage\":\"fr-FR\",\"potentialAction\":[{\"@type\":\"ReadAction\",\"target\":[\"https:\/\/www.anest-iwata-coating.com\/fr\/microsite-ws-primer\/\"]}]},{\"@type\":\"BreadcrumbList\",\"@id\":\"https:\/\/www.anest-iwata-coating.com\/fr\/microsite-ws-primer\/#breadcrumb\",\"itemListElement\":[{\"@type\":\"ListItem\",\"position\":1,\"name\":\"Home\",\"item\":\"https:\/\/www.anest-iwata-coating.com\/fr\/\"},{\"@type\":\"ListItem\",\"position\":2,\"name\":\"Microsite Ws-primer\"}]}]}<\/script>\n<!-- \/ Yoast SEO plugin. -->","yoast_head_json":{"title":"Microsite WS-PRIMER - Anest Iwata","description":"D\u00e9couvrez le premier pistolet ANEST-IWATA d\u00e9di\u00e9 \u00e0 l'application des appr\u00eats : WS-PRIMER pour appr\u00eats mouill\u00e9-sur-mouill\u00e9, de finition et de charge.","robots":{"index":"index","follow":"follow","max-snippet":"max-snippet:-1","max-image-preview":"max-image-preview:large","max-video-preview":"max-video-preview:-1"},"canonical":"https:\/\/www.anest-iwata-coating.com\/fr\/microsite-ws-primer\/","og_locale":"fr_FR","og_type":"article","og_title":"Microsite WS-PRIMER - Anest Iwata","og_description":"D\u00e9couvrez le premier pistolet ANEST-IWATA d\u00e9di\u00e9 \u00e0 l'application des appr\u00eats : WS-PRIMER pour appr\u00eats mouill\u00e9-sur-mouill\u00e9, de finition et de charge.","og_url":"https:\/\/www.anest-iwata-coating.com\/fr\/microsite-ws-primer\/","og_site_name":"Anest Iwata","article_modified_time":"2025-02-04T10:12:13+00:00","twitter_card":"summary_large_image","schema":{"@context":"https:\/\/schema.org","@graph":[{"@type":"Organization","@id":"https:\/\/www.anest-iwata-coating.com\/en\/#organization","name":"Anest Iwata srl","url":"https:\/\/www.anest-iwata-coating.com\/en\/","sameAs":[],"logo":{"@type":"ImageObject","inLanguage":"fr-FR","@id":"https:\/\/www.anest-iwata-coating.com\/en\/#\/schema\/logo\/image\/","url":"https:\/\/www.anest-iwata-coating.com\/wp-content\/uploads\/2020\/12\/anest-iwata-logo.png","contentUrl":"https:\/\/www.anest-iwata-coating.com\/wp-content\/uploads\/2020\/12\/anest-iwata-logo.png","width":1617,"height":409,"caption":"Anest Iwata srl"},"image":{"@id":"https:\/\/www.anest-iwata-coating.com\/en\/#\/schema\/logo\/image\/"}},{"@type":"WebSite","@id":"https:\/\/www.anest-iwata-coating.com\/en\/#website","url":"https:\/\/www.anest-iwata-coating.com\/en\/","name":"Anest Iwata","description":"","publisher":{"@id":"https:\/\/www.anest-iwata-coating.com\/en\/#organization"},"potentialAction":[{"@type":"SearchAction","target":{"@type":"EntryPoint","urlTemplate":"https:\/\/www.anest-iwata-coating.com\/en\/?s={search_term_string}"},"query-input":"required name=search_term_string"}],"inLanguage":"fr-FR"},{"@type":"WebPage","@id":"https:\/\/www.anest-iwata-coating.com\/fr\/microsite-ws-primer\/#webpage","url":"https:\/\/www.anest-iwata-coating.com\/fr\/microsite-ws-primer\/","name":"Microsite WS-PRIMER - Anest Iwata","isPartOf":{"@id":"https:\/\/www.anest-iwata-coating.com\/en\/#website"},"datePublished":"2024-10-01T07:19:21+00:00","dateModified":"2025-02-04T10:12:13+00:00","description":"D\u00e9couvrez le premier pistolet ANEST-IWATA d\u00e9di\u00e9 \u00e0 l'application des appr\u00eats : WS-PRIMER pour appr\u00eats mouill\u00e9-sur-mouill\u00e9, de finition et de charge.","breadcrumb":{"@id":"https:\/\/www.anest-iwata-coating.com\/fr\/microsite-ws-primer\/#breadcrumb"},"inLanguage":"fr-FR","potentialAction":[{"@type":"ReadAction","target":["https:\/\/www.anest-iwata-coating.com\/fr\/microsite-ws-primer\/"]}]},{"@type":"BreadcrumbList","@id":"https:\/\/www.anest-iwata-coating.com\/fr\/microsite-ws-primer\/#breadcrumb","itemListElement":[{"@type":"ListItem","position":1,"name":"Home","item":"https:\/\/www.anest-iwata-coating.com\/fr\/"},{"@type":"ListItem","position":2,"name":"Microsite Ws-primer"}]}]}},"_links":{"self":[{"href":"https:\/\/www.anest-iwata-coating.com\/fr\/wp-json\/wp\/v2\/pages\/104315","targetHints":{"allow":["GET"]}}],"collection":[{"href":"https:\/\/www.anest-iwata-coating.com\/fr\/wp-json\/wp\/v2\/pages"}],"about":[{"href":"https:\/\/www.anest-iwata-coating.com\/fr\/wp-json\/wp\/v2\/types\/page"}],"author":[{"embeddable":true,"href":"https:\/\/www.anest-iwata-coating.com\/fr\/wp-json\/wp\/v2\/users\/19"}],"replies":[{"embeddable":true,"href":"https:\/\/www.anest-iwata-coating.com\/fr\/wp-json\/wp\/v2\/comments?post=104315"}],"version-history":[{"count":1,"href":"https:\/\/www.anest-iwata-coating.com\/fr\/wp-json\/wp\/v2\/pages\/104315\/revisions"}],"predecessor-version":[{"id":106186,"href":"https:\/\/www.anest-iwata-coating.com\/fr\/wp-json\/wp\/v2\/pages\/104315\/revisions\/106186"}],"wp:attachment":[{"href":"https:\/\/www.anest-iwata-coating.com\/fr\/wp-json\/wp\/v2\/media?parent=104315"}],"curies":[{"name":"wp","href":"https:\/\/api.w.org\/{rel}","templated":true}]}}