{"id":29689,"date":"2019-02-07T02:36:43","date_gmt":"2019-02-07T02:36:43","guid":{"rendered":"https:\/\/stg.anest-iwata-coating.com\/small-industry\/"},"modified":"2025-04-02T10:15:36","modified_gmt":"2025-04-02T08:15:36","slug":"univers-dapplications","status":"publish","type":"page","link":"https:\/\/www.anest-iwata-coating.com\/fr\/univers-dapplications\/","title":{"rendered":"Univers d&#8217;applications"},"content":{"rendered":"","protected":false},"excerpt":{"rendered":"","protected":false},"author":12,"featured_media":0,"parent":0,"menu_order":201,"comment_status":"closed","ping_status":"closed","template":"","meta":{"footnotes":""},"class_list":["post-29689","page","type-page","status-publish","hentry"],"acf":[],"yoast_head":"<!-- This site is optimized with the Yoast SEO plugin v19.1 - https:\/\/yoast.com\/wordpress\/plugins\/seo\/ -->\n<title>Univers d&#039;applications - Anest Iwata<\/title>\n<meta name=\"description\" content=\"D\u00e9couvrez toutes nos solutions de pulv\u00e9risation adapt\u00e9es \u00e0 chaque univers d&#039;applications : Smart &amp; Spot repair, Bois, Packaging...\" \/>\n<meta name=\"robots\" content=\"index, follow, max-snippet:-1, max-image-preview:large, max-video-preview:-1\" \/>\n<link rel=\"canonical\" href=\"https:\/\/www.anest-iwata-coating.com\/fr\/univers-dapplications\/\" \/>\n<meta property=\"og:locale\" content=\"fr_FR\" \/>\n<meta property=\"og:type\" content=\"article\" \/>\n<meta property=\"og:title\" content=\"Univers d&#039;applications - Anest Iwata\" \/>\n<meta property=\"og:description\" content=\"D\u00e9couvrez toutes nos solutions de pulv\u00e9risation adapt\u00e9es \u00e0 chaque univers d&#039;applications : Smart &amp; Spot repair, Bois, Packaging...\" \/>\n<meta property=\"og:url\" content=\"https:\/\/www.anest-iwata-coating.com\/fr\/univers-dapplications\/\" \/>\n<meta property=\"og:site_name\" content=\"Anest Iwata\" \/>\n<meta property=\"article:modified_time\" content=\"2025-04-02T08:15:36+00:00\" \/>\n<meta name=\"twitter:card\" content=\"summary_large_image\" \/>\n<script type=\"application\/ld+json\" class=\"yoast-schema-graph\">{\"@context\":\"https:\/\/schema.org\",\"@graph\":[{\"@type\":\"Organization\",\"@id\":\"https:\/\/www.anest-iwata-coating.com\/en\/#organization\",\"name\":\"Anest Iwata srl\",\"url\":\"https:\/\/www.anest-iwata-coating.com\/en\/\",\"sameAs\":[],\"logo\":{\"@type\":\"ImageObject\",\"inLanguage\":\"fr-FR\",\"@id\":\"https:\/\/www.anest-iwata-coating.com\/en\/#\/schema\/logo\/image\/\",\"url\":\"https:\/\/www.anest-iwata-coating.com\/wp-content\/uploads\/2020\/12\/anest-iwata-logo.png\",\"contentUrl\":\"https:\/\/www.anest-iwata-coating.com\/wp-content\/uploads\/2020\/12\/anest-iwata-logo.png\",\"width\":1617,\"height\":409,\"caption\":\"Anest Iwata srl\"},\"image\":{\"@id\":\"https:\/\/www.anest-iwata-coating.com\/en\/#\/schema\/logo\/image\/\"}},{\"@type\":\"WebSite\",\"@id\":\"https:\/\/www.anest-iwata-coating.com\/en\/#website\",\"url\":\"https:\/\/www.anest-iwata-coating.com\/en\/\",\"name\":\"Anest Iwata\",\"description\":\"\",\"publisher\":{\"@id\":\"https:\/\/www.anest-iwata-coating.com\/en\/#organization\"},\"potentialAction\":[{\"@type\":\"SearchAction\",\"target\":{\"@type\":\"EntryPoint\",\"urlTemplate\":\"https:\/\/www.anest-iwata-coating.com\/en\/?s={search_term_string}\"},\"query-input\":\"required name=search_term_string\"}],\"inLanguage\":\"fr-FR\"},{\"@type\":\"WebPage\",\"@id\":\"https:\/\/www.anest-iwata-coating.com\/fr\/univers-dapplications\/#webpage\",\"url\":\"https:\/\/www.anest-iwata-coating.com\/fr\/univers-dapplications\/\",\"name\":\"Univers d'applications - Anest Iwata\",\"isPartOf\":{\"@id\":\"https:\/\/www.anest-iwata-coating.com\/en\/#website\"},\"datePublished\":\"2019-02-07T02:36:43+00:00\",\"dateModified\":\"2025-04-02T08:15:36+00:00\",\"description\":\"D\u00e9couvrez toutes nos solutions de pulv\u00e9risation adapt\u00e9es \u00e0 chaque univers d'applications : Smart & Spot repair, Bois, Packaging...\",\"breadcrumb\":{\"@id\":\"https:\/\/www.anest-iwata-coating.com\/fr\/univers-dapplications\/#breadcrumb\"},\"inLanguage\":\"fr-FR\",\"potentialAction\":[{\"@type\":\"ReadAction\",\"target\":[\"https:\/\/www.anest-iwata-coating.com\/fr\/univers-dapplications\/\"]}]},{\"@type\":\"BreadcrumbList\",\"@id\":\"https:\/\/www.anest-iwata-coating.com\/fr\/univers-dapplications\/#breadcrumb\",\"itemListElement\":[{\"@type\":\"ListItem\",\"position\":1,\"name\":\"Home\",\"item\":\"https:\/\/www.anest-iwata-coating.com\/fr\/\"},{\"@type\":\"ListItem\",\"position\":2,\"name\":\"Univers D&#8217;applications\"}]}]}<\/script>\n<!-- \/ Yoast SEO plugin. -->","yoast_head_json":{"title":"Univers d'applications - Anest Iwata","description":"D\u00e9couvrez toutes nos solutions de pulv\u00e9risation adapt\u00e9es \u00e0 chaque univers d'applications : Smart & Spot repair, Bois, Packaging...","robots":{"index":"index","follow":"follow","max-snippet":"max-snippet:-1","max-image-preview":"max-image-preview:large","max-video-preview":"max-video-preview:-1"},"canonical":"https:\/\/www.anest-iwata-coating.com\/fr\/univers-dapplications\/","og_locale":"fr_FR","og_type":"article","og_title":"Univers d'applications - Anest Iwata","og_description":"D\u00e9couvrez toutes nos solutions de pulv\u00e9risation adapt\u00e9es \u00e0 chaque univers d'applications : Smart & Spot repair, Bois, Packaging...","og_url":"https:\/\/www.anest-iwata-coating.com\/fr\/univers-dapplications\/","og_site_name":"Anest Iwata","article_modified_time":"2025-04-02T08:15:36+00:00","twitter_card":"summary_large_image","schema":{"@context":"https:\/\/schema.org","@graph":[{"@type":"Organization","@id":"https:\/\/www.anest-iwata-coating.com\/en\/#organization","name":"Anest Iwata srl","url":"https:\/\/www.anest-iwata-coating.com\/en\/","sameAs":[],"logo":{"@type":"ImageObject","inLanguage":"fr-FR","@id":"https:\/\/www.anest-iwata-coating.com\/en\/#\/schema\/logo\/image\/","url":"https:\/\/www.anest-iwata-coating.com\/wp-content\/uploads\/2020\/12\/anest-iwata-logo.png","contentUrl":"https:\/\/www.anest-iwata-coating.com\/wp-content\/uploads\/2020\/12\/anest-iwata-logo.png","width":1617,"height":409,"caption":"Anest Iwata srl"},"image":{"@id":"https:\/\/www.anest-iwata-coating.com\/en\/#\/schema\/logo\/image\/"}},{"@type":"WebSite","@id":"https:\/\/www.anest-iwata-coating.com\/en\/#website","url":"https:\/\/www.anest-iwata-coating.com\/en\/","name":"Anest Iwata","description":"","publisher":{"@id":"https:\/\/www.anest-iwata-coating.com\/en\/#organization"},"potentialAction":[{"@type":"SearchAction","target":{"@type":"EntryPoint","urlTemplate":"https:\/\/www.anest-iwata-coating.com\/en\/?s={search_term_string}"},"query-input":"required name=search_term_string"}],"inLanguage":"fr-FR"},{"@type":"WebPage","@id":"https:\/\/www.anest-iwata-coating.com\/fr\/univers-dapplications\/#webpage","url":"https:\/\/www.anest-iwata-coating.com\/fr\/univers-dapplications\/","name":"Univers d'applications - Anest Iwata","isPartOf":{"@id":"https:\/\/www.anest-iwata-coating.com\/en\/#website"},"datePublished":"2019-02-07T02:36:43+00:00","dateModified":"2025-04-02T08:15:36+00:00","description":"D\u00e9couvrez toutes nos solutions de pulv\u00e9risation adapt\u00e9es \u00e0 chaque univers d'applications : Smart & Spot repair, Bois, Packaging...","breadcrumb":{"@id":"https:\/\/www.anest-iwata-coating.com\/fr\/univers-dapplications\/#breadcrumb"},"inLanguage":"fr-FR","potentialAction":[{"@type":"ReadAction","target":["https:\/\/www.anest-iwata-coating.com\/fr\/univers-dapplications\/"]}]},{"@type":"BreadcrumbList","@id":"https:\/\/www.anest-iwata-coating.com\/fr\/univers-dapplications\/#breadcrumb","itemListElement":[{"@type":"ListItem","position":1,"name":"Home","item":"https:\/\/www.anest-iwata-coating.com\/fr\/"},{"@type":"ListItem","position":2,"name":"Univers D&#8217;applications"}]}]}},"_links":{"self":[{"href":"https:\/\/www.anest-iwata-coating.com\/fr\/wp-json\/wp\/v2\/pages\/29689","targetHints":{"allow":["GET"]}}],"collection":[{"href":"https:\/\/www.anest-iwata-coating.com\/fr\/wp-json\/wp\/v2\/pages"}],"about":[{"href":"https:\/\/www.anest-iwata-coating.com\/fr\/wp-json\/wp\/v2\/types\/page"}],"author":[{"embeddable":true,"href":"https:\/\/www.anest-iwata-coating.com\/fr\/wp-json\/wp\/v2\/users\/12"}],"replies":[{"embeddable":true,"href":"https:\/\/www.anest-iwata-coating.com\/fr\/wp-json\/wp\/v2\/comments?post=29689"}],"version-history":[{"count":2,"href":"https:\/\/www.anest-iwata-coating.com\/fr\/wp-json\/wp\/v2\/pages\/29689\/revisions"}],"predecessor-version":[{"id":49050,"href":"https:\/\/www.anest-iwata-coating.com\/fr\/wp-json\/wp\/v2\/pages\/29689\/revisions\/49050"}],"wp:attachment":[{"href":"https:\/\/www.anest-iwata-coating.com\/fr\/wp-json\/wp\/v2\/media?parent=29689"}],"curies":[{"name":"wp","href":"https:\/\/api.w.org\/{rel}","templated":true}]}}